{"id":1,"date":"2019-08-22T08:32:57","date_gmt":"2019-08-22T08:32:57","guid":{"rendered":"http:\/\/localhost\/_demos\/wordpress\/2020\/design-bites\/?p=1"},"modified":"2020-05-11T16:35:08","modified_gmt":"2020-05-11T16:35:08","slug":"accueil","status":"publish","type":"page","link":"https:\/\/fragames.com\/fr\/","title":{"rendered":"Accueil"},"content":{"rendered":"<h1>\n<p>Roberto Fraga<\/p>\n<p>Cr\u00e9ateur de jeux<\/p>\n<\/h1>\n<div>\n<p>Je suis cr\u00e9ateur de jeux et d&rsquo;objets Ludo-loufoques en tous genres.<\/p>\n<p>J&rsquo;ai fait \u00e9diter plus de 130 jeux partout sur la plan\u00e8te et m\u00eame au-del\u00e0 !<\/p>\n<\/div>\n<p><img decoding=\"async\" src=\"\/wp-content\/uploads\/2020\/05\/FRAG-KAKEMONO-recherche-personnage01-reverse.png\" alt=\"\"><\/p>\n<h2>Mes plus grands succ\u00e8s<\/h2>\n<ul>\n<li>\n<\/li>\n<li>\n<\/li>\n<li>\n<\/li>\n<li>\n<\/li>\n<li>\n<\/li>\n<li>\n<\/li>\n<li>\n<\/li>\n<li>\n<\/li>\n<li>\n<\/li>\n<li>\n<\/li>\n<li>\n<\/li>\n<li>\n<\/li>\n<\/ul>\n<p>\n    <a href=\"\">Voir plus<\/a>\n<\/p>\n<p><!-- {\"type\":\"layout\",\"children\":[{\"type\":\"section\",\"props\":{\"style\":\"muted\",\"width\":\"xlarge\",\"vertical_align\":\"middle\",\"title_position\":\"top-left\",\"title_rotation\":\"left\",\"title_breakpoint\":\"xl\",\"image_position\":\"top-center\",\"text_color\":\"\",\"width_expand\":\"\",\"height\":\"\",\"padding\":\"xlarge\",\"header_transparent\":\"dark\",\"animation\":\"fade\",\"padding_remove_top\":false,\"image\":\"\",\"image_size\":\"contain\",\"image_effect\":\"\",\"image_parallax_breakpoint\":\"\",\"image_visibility\":\"\",\"video_width\":\"\",\"video_height\":\"\",\"media_blend_mode\":\"\",\"header_transparent_noplaceholder\":false,\"image_width\":\"\",\"padding_remove_bottom\":true,\"animation_delay\":false},\"children\":[{\"type\":\"row\",\"props\":{\"layout\":\"1-1\",\"breakpoint\":\"m\",\"fixed_width\":\"large\",\"column_gap\":\"\",\"row_gap\":\"\",\"width\":\"\",\"width_expand\":\"\",\"height\":\"\",\"margin\":\"\"},\"children\":[{\"type\":\"column\",\"props\":{\"image_position\":\"center-center\",\"media_overlay_gradient\":\"\",\"vertical_align\":\"\",\"style\":\"\",\"text_color\":\"\",\"padding\":\"\"},\"children\":[{\"type\":\"headline\",\"props\":{\"title_element\":\"h1\",\"title_style\":\"heading-xlarge\",\"title_decoration\":\"\",\"title_font_family\":\"primary\",\"title_color\":\"\",\"position\":\"relative\",\"position_z_index\":\"3\",\"margin\":\"\",\"maxwidth\":\"\",\"maxwidth_breakpoint\":\"\",\"block_align\":\"\",\"block_align_breakpoint\":\"\",\"block_align_fallback\":\"\",\"text_align\":\"center\",\"text_align_breakpoint\":\"\",\"text_align_fallback\":\"\",\"animation\":\"\",\"visibility\":\"\",\"content\":\"\n\n<p>Roberto Fraga<\\\/p>\\n\n\n<p>Cr\\u00e9ateur de jeux<\\\/p>\"}},{\"type\":\"text\",\"props\":{\"margin\":\"medium\",\"column_breakpoint\":\"m\",\"text_style\":\"\",\"text_color\":\"\",\"text_size\":\"large\",\"column\":\"\",\"position\":\"relative\",\"position_z_index\":\"3\",\"maxwidth\":\"\",\"maxwidth_breakpoint\":\"\",\"block_align\":\"\",\"block_align_breakpoint\":\"\",\"block_align_fallback\":\"\",\"text_align\":\"center\",\"text_align_breakpoint\":\"\",\"text_align_fallback\":\"\",\"animation\":\"\",\"visibility\":\"\",\"content\":\"\n\n<p>Je suis cr\\u00e9ateur de jeux et d'objets Ludo-loufoques en tous genres.<\\\/p>\\n\n\n<p>J'ai fait \\u00e9diter plus de 130 jeux partout sur la plan\\u00e8te et m\\u00eame au-del\\u00e0 !<\\\/p>\"}},{\"type\":\"image\",\"props\":{\"margin\":\"default\",\"image_svg_color\":\"emphasis\",\"link_target\":\"\",\"image_border\":\"\",\"image_box_shadow\":\"\",\"image_hover_box_shadow\":\"\",\"image_box_decoration\":\"\",\"position\":\"absolute\",\"position_z_index\":\"0\",\"maxwidth\":\"\",\"maxwidth_breakpoint\":\"\",\"block_align\":\"\",\"block_align_breakpoint\":\"\",\"block_align_fallback\":\"\",\"text_align\":\"right\",\"text_align_breakpoint\":\"\",\"text_align_fallback\":\"\",\"animation\":\"parallax\",\"visibility\":\"l\",\"image\":\"wp-content\\\/uploads\\\/2020\\\/05\\\/FRAG-KAKEMONO-recherche-personnage01-reverse.png\",\"position_right\":\"-150\",\"position_bottom\":\"-90\",\"position_top\":\"\",\"image_svg_inline\":false,\"image_width\":\"\",\"position_left\":\"\",\"css\":\".el-image { max-width: 43vw; }\",\"parallax_breakpoint\":\"\",\"parallax_y_end\":\"-10vh\",\"parallax_easing\":\"0.5\",\"parallax_y_start\":\"4vh\",\"image_height\":\"700\"}}]}]}],\"name\":\"Pr\\u00e9sentation\"},{\"type\":\"section\",\"props\":{\"style\":\"muted\",\"width\":\"xlarge\",\"vertical_align\":\"middle\",\"title_position\":\"top-left\",\"title_rotation\":\"left\",\"title_breakpoint\":\"xl\",\"image_position\":\"center-center\",\"text_color\":\"\",\"width_expand\":\"\",\"height\":\"\",\"padding\":\"large\",\"header_transparent\":\"\",\"animation\":\"slide-bottom-small\",\"padding_remove_top\":false,\"animation_delay\":false},\"children\":[{\"type\":\"row\",\"props\":{\"layout\":\"1-1\",\"breakpoint\":\"m\",\"fixed_width\":\"large\",\"width\":\"\",\"width_expand\":\"\",\"height\":\"\",\"margin\":\"\",\"column_gap\":\"\",\"row_gap\":\"\"},\"children\":[{\"type\":\"column\",\"props\":{\"image_position\":\"center-center\",\"media_overlay_gradient\":\"\",\"vertical_align\":\"\",\"style\":\"\",\"text_color\":\"\",\"padding\":\"\",\"widths\":[\"1-1\"]},\"children\":[{\"type\":\"headline\",\"props\":{\"title_element\":\"h2\",\"title_style\":\"h3\",\"title_decoration\":\"bullet\",\"title_font_family\":\"\",\"title_color\":\"\",\"position\":\"\",\"position_z_index\":\"\",\"margin\":\"medium\",\"maxwidth\":\"\",\"maxwidth_breakpoint\":\"\",\"block_align\":\"\",\"block_align_breakpoint\":\"\",\"block_align_fallback\":\"\",\"text_align\":\"\",\"text_align_breakpoint\":\"\",\"text_align_fallback\":\"\",\"animation\":\"\",\"visibility\":\"\",\"content\":\"Mes plus grands succ\\u00e8s\"}},{\"type\":\"grid\",\"props\":{\"show_title\":true,\"show_meta\":true,\"show_content\":true,\"show_image\":true,\"show_link\":true,\"grid_default\":\"1\",\"grid_medium\":\"4\",\"filter_style\":\"tab\",\"filter_all\":true,\"filter_position\":\"top\",\"filter_align\":\"left\",\"filter_grid_width\":\"auto\",\"title_hover_style\":\"reset\",\"title_element\":\"h3\",\"title_align\":\"top\",\"title_grid_width\":\"1-2\",\"meta_style\":\"meta\",\"meta_align\":\"below-title\",\"icon_ratio\":4,\"image_align\":\"top\",\"image_grid_width\":\"1-2\",\"image_svg_color\":\"emphasis\",\"link_text\":\"\",\"link_style\":\"default\",\"margin\":\"default\",\"item_animation\":\"\",\"grid_small\":\"2\",\"grid_large\":\"\",\"grid_xlarge\":\"\",\"filter_margin\":\"\",\"title_display\":\"\",\"content_display\":\"\",\"panel_style\":\"card-default\",\"panel_content_padding\":\"\",\"panel_size\":\"\",\"item_maxwidth\":\"\",\"title_style\":\"h5\",\"title_decoration\":\"\",\"title_font_family\":\"\",\"title_color\":\"\",\"title_margin\":\"\",\"meta_color\":\"\",\"meta_margin\":\"small\",\"content_style\":\"\",\"content_margin\":\"\",\"image_transition\":\"\",\"image_border\":\"\",\"image_box_shadow\":\"\",\"image_hover_box_shadow\":\"\",\"image_box_decoration\":\"\",\"icon_color\":\"\",\"image_margin\":\"\",\"link_size\":\"\",\"link_margin\":\"\",\"position\":\"\",\"position_z_index\":\"\",\"maxwidth\":\"\",\"maxwidth_breakpoint\":\"\",\"block_align\":\"\",\"block_align_breakpoint\":\"\",\"block_align_fallback\":\"\",\"text_align\":\"\",\"text_align_breakpoint\":\"\",\"text_align_fallback\":\"\",\"visibility\":\"\",\"panel_card_image\":true,\"grid_column_gap\":\"\",\"grid_row_gap\":\"\",\"filter_grid_column_gap\":\"\",\"filter_grid_row_gap\":\"\",\"filter_grid_breakpoint\":\"m\",\"title_grid_column_gap\":\"\",\"title_grid_row_gap\":\"\",\"title_grid_breakpoint\":\"m\",\"image_grid_column_gap\":\"\",\"image_grid_row_gap\":\"\",\"image_grid_breakpoint\":\"m\",\"image_width\":\"610\",\"panel_link\":true,\"panel_content_width\":\"\"},\"children\":[{\"type\":\"grid_item\",\"props\":[],\"source\":{\"query\":{\"name\":\"resources.customResource\",\"arguments\":{\"id\":1449}},\"props\":{\"title\":{\"name\":\"title\",\"filters\":{\"search\":\"\"}},\"meta\":{\"name\":\"field.editeur.value\",\"filters\":{\"search\":\"\"}},\"link\":{\"name\":\"link\",\"filters\":{\"search\":\"\"}},\"image\":{\"name\":\"featuredImage.url\",\"filters\":{\"search\":\"\"}},\"image_alt\":{\"name\":\"featuredImage.alt\",\"filters\":{\"search\":\"\"}}}}},{\"type\":\"grid_item\",\"props\":[],\"source\":{\"query\":{\"name\":\"resources.customResource\",\"arguments\":{\"id\":3184}},\"props\":{\"title\":{\"name\":\"title\",\"filters\":{\"search\":\"\"}},\"meta\":{\"name\":\"field.editeur.value\",\"filters\":{\"search\":\"\"}},\"link\":{\"name\":\"link\",\"filters\":{\"search\":\"\"}},\"image\":{\"name\":\"featuredImage.url\",\"filters\":{\"search\":\"\"}},\"image_alt\":{\"name\":\"featuredImage.alt\",\"filters\":{\"search\":\"\"}}}}},{\"type\":\"grid_item\",\"props\":[],\"source\":{\"query\":{\"name\":\"resources.customResource\",\"arguments\":{\"id\":1800}},\"props\":{\"title\":{\"name\":\"title\",\"filters\":{\"search\":\"\"}},\"meta\":{\"name\":\"field.editeur.value\",\"filters\":{\"search\":\"\"}},\"link\":{\"name\":\"link\",\"filters\":{\"search\":\"\"}},\"image\":{\"name\":\"featuredImage.url\",\"filters\":{\"search\":\"\"}},\"image_alt\":{\"name\":\"featuredImage.alt\",\"filters\":{\"search\":\"\"}}}}},{\"type\":\"grid_item\",\"props\":[],\"source\":{\"query\":{\"name\":\"resources.customResource\",\"arguments\":{\"id\":3237}},\"props\":{\"title\":{\"name\":\"title\",\"filters\":{\"search\":\"\"}},\"meta\":{\"name\":\"field.editeur.value\",\"filters\":{\"search\":\"\"}},\"link\":{\"name\":\"link\",\"filters\":{\"search\":\"\"}},\"image\":{\"name\":\"featuredImage.url\",\"filters\":{\"search\":\"\"}},\"image_alt\":{\"name\":\"featuredImage.alt\",\"filters\":{\"search\":\"\"}}}}},{\"type\":\"grid_item\",\"props\":[],\"source\":{\"query\":{\"name\":\"resources.customResource\",\"arguments\":{\"id\":3078}},\"props\":{\"title\":{\"name\":\"title\",\"filters\":{\"search\":\"\"}},\"meta\":{\"name\":\"field.editeur.value\",\"filters\":{\"search\":\"\"}},\"link\":{\"name\":\"link\",\"filters\":{\"search\":\"\"}},\"image\":{\"name\":\"featuredImage.url\",\"filters\":{\"search\":\"\"}},\"image_alt\":{\"name\":\"featuredImage.alt\",\"filters\":{\"search\":\"\"}}}}},{\"type\":\"grid_item\",\"props\":[],\"source\":{\"query\":{\"name\":\"resources.customResource\",\"arguments\":{\"id\":2482}},\"props\":{\"title\":{\"name\":\"title\",\"filters\":{\"search\":\"\"}},\"meta\":{\"name\":\"field.editeur.value\",\"filters\":{\"search\":\"\"}},\"link\":{\"name\":\"link\",\"filters\":{\"search\":\"\"}},\"image\":{\"name\":\"featuredImage.url\",\"filters\":{\"search\":\"\"}},\"image_alt\":{\"name\":\"featuredImage.alt\",\"filters\":{\"search\":\"\"}}}}},{\"type\":\"grid_item\",\"props\":[],\"source\":{\"query\":{\"name\":\"resources.customResource\",\"arguments\":{\"id\":1690}},\"props\":{\"title\":{\"name\":\"title\",\"filters\":{\"search\":\"\"}},\"meta\":{\"name\":\"field.editeur.value\",\"filters\":{\"search\":\"\"}},\"link\":{\"name\":\"link\",\"filters\":{\"search\":\"\"}},\"image\":{\"name\":\"featuredImage.url\",\"filters\":{\"search\":\"\"}},\"image_alt\":{\"name\":\"featuredImage.alt\",\"filters\":{\"search\":\"\"}}}}},{\"type\":\"grid_item\",\"props\":[],\"source\":{\"query\":{\"name\":\"resources.customResource\",\"arguments\":{\"id\":2129}},\"props\":{\"title\":{\"name\":\"title\",\"filters\":{\"search\":\"\"}},\"meta\":{\"name\":\"field.editeur.value\",\"filters\":{\"search\":\"\"}},\"link\":{\"name\":\"link\",\"filters\":{\"search\":\"\"}},\"image\":{\"name\":\"featuredImage.url\",\"filters\":{\"search\":\"\"}},\"image_alt\":{\"name\":\"featuredImage.alt\",\"filters\":{\"search\":\"\"}}}}},{\"type\":\"grid_item\",\"props\":[],\"source\":{\"query\":{\"name\":\"resources.customResource\",\"arguments\":{\"id\":2937}},\"props\":{\"title\":{\"name\":\"title\",\"filters\":{\"search\":\"\"}},\"meta\":{\"name\":\"field.editeur.value\",\"filters\":{\"search\":\"\"}},\"link\":{\"name\":\"link\",\"filters\":{\"search\":\"\"}},\"image\":{\"name\":\"featuredImage.url\",\"filters\":{\"search\":\"\"}},\"image_alt\":{\"name\":\"featuredImage.alt\",\"filters\":{\"search\":\"\"}}}}},{\"type\":\"grid_item\",\"props\":[],\"source\":{\"query\":{\"name\":\"resources.customResource\",\"arguments\":{\"id\":3362}},\"props\":{\"title\":{\"name\":\"title\",\"filters\":{\"search\":\"\"}},\"meta\":{\"name\":\"field.editeur.value\",\"filters\":{\"search\":\"\"}},\"link\":{\"name\":\"link\",\"filters\":{\"search\":\"\"}},\"image\":{\"name\":\"featuredImage.url\",\"filters\":{\"search\":\"\"}},\"image_alt\":{\"name\":\"featuredImage.alt\",\"filters\":{\"search\":\"\"}}}}},{\"type\":\"grid_item\",\"props\":[],\"source\":{\"query\":{\"name\":\"resources.customResource\",\"arguments\":{\"id\":2537}},\"props\":{\"title\":{\"name\":\"title\",\"filters\":{\"search\":\"\"}},\"meta\":{\"name\":\"field.editeur.value\",\"filters\":{\"search\":\"\"}},\"link\":{\"name\":\"link\",\"filters\":{\"search\":\"\"}},\"image\":{\"name\":\"featuredImage.url\",\"filters\":{\"search\":\"\"}},\"image_alt\":{\"name\":\"featuredImage.alt\",\"filters\":{\"search\":\"\"}}}}},{\"type\":\"grid_item\",\"props\":[],\"source\":{\"query\":{\"name\":\"resources.customResource\",\"arguments\":{\"id\":3342}},\"props\":{\"title\":{\"name\":\"title\",\"filters\":{\"search\":\"\"}},\"meta\":{\"name\":\"field.editeur.value\",\"filters\":{\"search\":\"\"}},\"link\":{\"name\":\"link\",\"filters\":{\"search\":\"\"}},\"image\":{\"name\":\"featuredImage.url\",\"filters\":{\"search\":\"\"}},\"image_alt\":{\"name\":\"featuredImage.alt\",\"filters\":{\"search\":\"\"}}}}}]},{\"type\":\"button\",\"props\":{\"margin\":\"medium\",\"button_size\":\"\",\"position\":\"\",\"position_z_index\":\"\",\"maxwidth\":\"\",\"maxwidth_breakpoint\":\"\",\"block_align\":\"\",\"block_align_breakpoint\":\"\",\"block_align_fallback\":\"\",\"text_align\":\"right\",\"text_align_breakpoint\":\"m\",\"text_align_fallback\":\"\",\"animation\":\"\",\"visibility\":\"\",\"grid_column_gap\":\"small\",\"grid_row_gap\":\"small\"},\"children\":[{\"type\":\"button_item\",\"props\":{\"button_style\":\"text\",\"icon_align\":\"left\",\"link_target\":\"\",\"content\":\"Voir plus\"},\"source\":{\"props\":{\"link\":{\"name\":\"link\",\"filters\":{\"search\":\"\"}}},\"query\":{\"name\":\"pages.customPage\",\"arguments\":{\"id\":161}}}}]}]}]}],\"name\":\"Mes plus grands succ\\u00e8s\"}],\"version\":\"2.0.12\",\"props\":[]} --><\/p>\n","protected":false},"excerpt":{"rendered":"<p>Roberto Fraga Cr\u00e9ateur de jeux Je suis cr\u00e9ateur de jeux et d&rsquo;objets Ludo-loufoques en tous genres. J&rsquo;ai fait \u00e9diter plus de 130 jeux partout sur la plan\u00e8te et m\u00eame au-del\u00e0 ! Mes plus grands succ\u00e8s Voir plus<\/p>\n","protected":false},"author":1,"featured_media":0,"parent":0,"menu_order":1,"comment_status":"open","ping_status":"closed","template":"","meta":{"_acf_changed":false,"footnotes":""},"acf":[],"yoast_head":"<!-- This site is optimized with the Yoast SEO plugin v22.3 - https:\/\/yoast.com\/wordpress\/plugins\/seo\/ -->\n<title>Accueil - Fragames<\/title>\n<meta name=\"robots\" content=\"index, follow, max-snippet:-1, max-image-preview:large, max-video-preview:-1\" \/>\n<link rel=\"canonical\" href=\"https:\/\/fragames.com\/fr\/\" \/>\n<meta property=\"og:locale\" content=\"fr_FR\" \/>\n<meta property=\"og:type\" content=\"article\" \/>\n<meta property=\"og:title\" content=\"Accueil - Fragames\" \/>\n<meta property=\"og:description\" content=\"Roberto Fraga Cr\u00e9ateur de jeux Je suis cr\u00e9ateur de jeux et d&rsquo;objets Ludo-loufoques en tous genres. J&rsquo;ai fait \u00e9diter plus de 130 jeux partout sur la plan\u00e8te et m\u00eame au-del\u00e0 ! Mes plus grands succ\u00e8s Voir plus\" \/>\n<meta property=\"og:url\" content=\"https:\/\/fragames.com\/fr\/\" \/>\n<meta property=\"og:site_name\" content=\"Fragames\" \/>\n<meta property=\"article:publisher\" content=\"https:\/\/www.facebook.com\/FragamesIndustries\" \/>\n<meta property=\"article:modified_time\" content=\"2020-05-11T16:35:08+00:00\" \/>\n<meta property=\"og:image\" content=\"https:\/\/fragames.com\/wp-content\/uploads\/2020\/05\/FRAG-KAKEMONO-recherche-personnage01-reverse.png\" \/>\n<meta name=\"twitter:card\" content=\"summary_large_image\" \/>\n<meta name=\"twitter:site\" content=\"@FRAGAMES\" \/>\n<script type=\"application\/ld+json\" class=\"yoast-schema-graph\">{\"@context\":\"https:\/\/schema.org\",\"@graph\":[{\"@type\":\"WebPage\",\"@id\":\"https:\/\/fragames.com\/fr\/\",\"url\":\"https:\/\/fragames.com\/fr\/\",\"name\":\"Accueil - Fragames\",\"isPartOf\":{\"@id\":\"https:\/\/fragames.com\/fr\/#website\"},\"datePublished\":\"2019-08-22T08:32:57+00:00\",\"dateModified\":\"2020-05-11T16:35:08+00:00\",\"breadcrumb\":{\"@id\":\"https:\/\/fragames.com\/fr\/#breadcrumb\"},\"inLanguage\":\"fr-FR\",\"potentialAction\":[{\"@type\":\"ReadAction\",\"target\":[\"https:\/\/fragames.com\/fr\/\"]}]},{\"@type\":\"BreadcrumbList\",\"@id\":\"https:\/\/fragames.com\/fr\/#breadcrumb\",\"itemListElement\":[{\"@type\":\"ListItem\",\"position\":1,\"name\":\"Accueil\",\"item\":\"https:\/\/fragames.com\/fr\/\"},{\"@type\":\"ListItem\",\"position\":2,\"name\":\"Accueil\"}]},{\"@type\":\"WebSite\",\"@id\":\"https:\/\/fragames.com\/fr\/#website\",\"url\":\"https:\/\/fragames.com\/fr\/\",\"name\":\"Fragames\",\"description\":\"Les jeux de Roberto Fraga\",\"publisher\":{\"@id\":\"https:\/\/fragames.com\/fr\/#organization\"},\"potentialAction\":[{\"@type\":\"SearchAction\",\"target\":{\"@type\":\"EntryPoint\",\"urlTemplate\":\"https:\/\/fragames.com\/fr\/?s={search_term_string}\"},\"query-input\":\"required name=search_term_string\"}],\"inLanguage\":\"fr-FR\"},{\"@type\":\"Organization\",\"@id\":\"https:\/\/fragames.com\/fr\/#organization\",\"name\":\"Fragames\",\"url\":\"https:\/\/fragames.com\/fr\/\",\"logo\":{\"@type\":\"ImageObject\",\"inLanguage\":\"fr-FR\",\"@id\":\"https:\/\/fragames.com\/fr\/#\/schema\/logo\/image\/\",\"url\":\"https:\/\/fragames.com\/wp-content\/uploads\/2020\/04\/logo_white-e1587833435477.png\",\"contentUrl\":\"https:\/\/fragames.com\/wp-content\/uploads\/2020\/04\/logo_white-e1587833435477.png\",\"width\":250,\"height\":128,\"caption\":\"Fragames\"},\"image\":{\"@id\":\"https:\/\/fragames.com\/fr\/#\/schema\/logo\/image\/\"},\"sameAs\":[\"https:\/\/www.facebook.com\/FragamesIndustries\",\"https:\/\/twitter.com\/FRAGAMES\",\"https:\/\/www.instagram.com\/fragames1\/\",\"https:\/\/www.youtube.com\/channel\/UCSuScMXLGQOEpC8Ra8x2lvw?view_as=subscriber\"]}]}<\/script>\n<!-- \/ Yoast SEO plugin. -->","yoast_head_json":{"title":"Accueil - Fragames","robots":{"index":"index","follow":"follow","max-snippet":"max-snippet:-1","max-image-preview":"max-image-preview:large","max-video-preview":"max-video-preview:-1"},"canonical":"https:\/\/fragames.com\/fr\/","og_locale":"fr_FR","og_type":"article","og_title":"Accueil - Fragames","og_description":"Roberto Fraga Cr\u00e9ateur de jeux Je suis cr\u00e9ateur de jeux et d&rsquo;objets Ludo-loufoques en tous genres. J&rsquo;ai fait \u00e9diter plus de 130 jeux partout sur la plan\u00e8te et m\u00eame au-del\u00e0 ! Mes plus grands succ\u00e8s Voir plus","og_url":"https:\/\/fragames.com\/fr\/","og_site_name":"Fragames","article_publisher":"https:\/\/www.facebook.com\/FragamesIndustries","article_modified_time":"2020-05-11T16:35:08+00:00","og_image":[{"url":"https:\/\/fragames.com\/wp-content\/uploads\/2020\/05\/FRAG-KAKEMONO-recherche-personnage01-reverse.png"}],"twitter_card":"summary_large_image","twitter_site":"@FRAGAMES","schema":{"@context":"https:\/\/schema.org","@graph":[{"@type":"WebPage","@id":"https:\/\/fragames.com\/fr\/","url":"https:\/\/fragames.com\/fr\/","name":"Accueil - Fragames","isPartOf":{"@id":"https:\/\/fragames.com\/fr\/#website"},"datePublished":"2019-08-22T08:32:57+00:00","dateModified":"2020-05-11T16:35:08+00:00","breadcrumb":{"@id":"https:\/\/fragames.com\/fr\/#breadcrumb"},"inLanguage":"fr-FR","potentialAction":[{"@type":"ReadAction","target":["https:\/\/fragames.com\/fr\/"]}]},{"@type":"BreadcrumbList","@id":"https:\/\/fragames.com\/fr\/#breadcrumb","itemListElement":[{"@type":"ListItem","position":1,"name":"Accueil","item":"https:\/\/fragames.com\/fr\/"},{"@type":"ListItem","position":2,"name":"Accueil"}]},{"@type":"WebSite","@id":"https:\/\/fragames.com\/fr\/#website","url":"https:\/\/fragames.com\/fr\/","name":"Fragames","description":"Les jeux de Roberto Fraga","publisher":{"@id":"https:\/\/fragames.com\/fr\/#organization"},"potentialAction":[{"@type":"SearchAction","target":{"@type":"EntryPoint","urlTemplate":"https:\/\/fragames.com\/fr\/?s={search_term_string}"},"query-input":"required name=search_term_string"}],"inLanguage":"fr-FR"},{"@type":"Organization","@id":"https:\/\/fragames.com\/fr\/#organization","name":"Fragames","url":"https:\/\/fragames.com\/fr\/","logo":{"@type":"ImageObject","inLanguage":"fr-FR","@id":"https:\/\/fragames.com\/fr\/#\/schema\/logo\/image\/","url":"https:\/\/fragames.com\/wp-content\/uploads\/2020\/04\/logo_white-e1587833435477.png","contentUrl":"https:\/\/fragames.com\/wp-content\/uploads\/2020\/04\/logo_white-e1587833435477.png","width":250,"height":128,"caption":"Fragames"},"image":{"@id":"https:\/\/fragames.com\/fr\/#\/schema\/logo\/image\/"},"sameAs":["https:\/\/www.facebook.com\/FragamesIndustries","https:\/\/twitter.com\/FRAGAMES","https:\/\/www.instagram.com\/fragames1\/","https:\/\/www.youtube.com\/channel\/UCSuScMXLGQOEpC8Ra8x2lvw?view_as=subscriber"]}]}},"jetpack_sharing_enabled":true,"_links":{"self":[{"href":"https:\/\/fragames.com\/fr\/wp-json\/wp\/v2\/pages\/1"}],"collection":[{"href":"https:\/\/fragames.com\/fr\/wp-json\/wp\/v2\/pages"}],"about":[{"href":"https:\/\/fragames.com\/fr\/wp-json\/wp\/v2\/types\/page"}],"author":[{"embeddable":true,"href":"https:\/\/fragames.com\/fr\/wp-json\/wp\/v2\/users\/1"}],"replies":[{"embeddable":true,"href":"https:\/\/fragames.com\/fr\/wp-json\/wp\/v2\/comments?post=1"}],"version-history":[{"count":70,"href":"https:\/\/fragames.com\/fr\/wp-json\/wp\/v2\/pages\/1\/revisions"}],"predecessor-version":[{"id":4002,"href":"https:\/\/fragames.com\/fr\/wp-json\/wp\/v2\/pages\/1\/revisions\/4002"}],"wp:attachment":[{"href":"https:\/\/fragames.com\/fr\/wp-json\/wp\/v2\/media?parent=1"}],"curies":[{"name":"wp","href":"https:\/\/api.w.org\/{rel}","templated":true}]}}