{"id":160,"date":"2019-08-22T08:32:57","date_gmt":"2019-08-22T08:32:57","guid":{"rendered":"http:\/\/localhost\/_demos\/wordpress\/2020\/design-bites\/?p=160"},"modified":"2020-05-10T10:04:04","modified_gmt":"2020-05-10T10:04:04","slug":"a-propos-de-moi","status":"publish","type":"page","link":"https:\/\/fragames.com\/en\/about-me\/","title":{"rendered":"About me"},"content":{"rendered":"<h1>Roberto Fraga\u00a0<br class=\"uk-visible@s\" \/>Game Designer<\/h1>\n<h2>who am I ?<\/h2>\n<div>\n<p>I am an author. My job is to create UFOs (Unknown Fun Objects).<br \/>I have already published more than 130 of my games all around the known universe and beyond.<\/p>\n<p class=\"translation-block\">I was born on December 11, 1960 in La Coru\u00f1a, at the northwest of Spain (still an immigrant!). Since the age of 14, I have become a \"pure junkie\" of creating Ludic things (So there you go, now you know that I have entered the \"sixties\" era !!).<\/p>\n<p class=\"translation-block\">For several years, I have tried to combine with more or less skill and success between my family life, my activity as a designer and above all, my job as Coast Guard Captain, and I finally decided to leave the Coast Guard Service December 9, 2010 to create my own company, FRAGAMES, and live entirely from my passion!<\/p>\n<p class=\"translation-block\">And since January 1, 2017, Florence (my wife) left her job as a cardiology nurse at Saint-Malo hospital to share this adventure with me at 3000%!<\/p>\n<p class=\"translation-block\">Take a look at the video below (in French!) to discover my ideas lab, the famous FRAGALAB!<\/p>\n<\/div>\n<p><img decoding=\"async\" src=\"\/v3\/wp-content\/uploads\/2020\/05\/Photo-dans-Fragalab-scaled.jpg\" alt=\"\"><\/p>\n<h2>Welcome to the FRAGALAB<\/h2>\n<div>\n<p>The FRAGALAB is the game design laboratory where I spend 99.99% of my time creating, testing, cutting, drawing, having fun, re-testing, having fun again, etc ...<\/p>\n<\/div>\n<p><iframe src=\"https:\/\/youtu.be\/n_2M7SjUz4E\"><\/iframe><\/p>\n<h2>Do you want to know more ?<\/h2>\n<ul>\n<li>\n        <a href=\"\/v3\/wp-content\/uploads\/2020\/05\/Biographie-1960-2014.pdf\">Biography 1960-2014<\/a>\n    <\/li>\n<li>\n        <a href=\"\/v3\/wp-content\/uploads\/2020\/05\/Dossier-de-Presse-Roberto-FRAGA.pdf\">Press kit<\/a>\n    <\/li>\n<li>\n        <a href=\"\/v3\/wp-content\/uploads\/2020\/05\/Do%C3%B9-viennent-mes-id%C3%A9es.pdf\">Where do the ideas come from?<\/a>\n    <\/li>\n<li>\n        <a href=\"\/v3\/wp-content\/uploads\/2020\/05\/Articles-de-Presse.pdf\">Selection of press articles<\/a>\n    <\/li>\n<li>\n        <a href=\"\/v3\/wp-content\/uploads\/2020\/05\/Le-questionnaire-de-Proust.pdf\">The Proust questionnaire<\/a>\n    <\/li>\n<li>\n        <a href=\"\/v3\/wp-content\/uploads\/2020\/05\/Conseils-pour-faire-%C3%A9diter-un-jeu.pdf\">Tips for editing a game<\/a>\n    <\/li>\n<li>\n        <a href=\"\/v3\/wp-content\/uploads\/2020\/05\/O%C3%B9-Est-Robie.pdf\">Where is Robie?<\/a>\n    <\/li>\n<li>\n        <a href=\"https:\/\/l.facebook.com\/l.php?u=https%3A%2F%2Fsites.google.com%2Fview%2Frencontres-corsaire-ludique%2F%3Ffbclid%3DIwAR1YbJbNPIPVN08iT8gJ85gtt6cup-aVuhtuJpQqlVUPgvAY43W8YB5m2Is&#038;h=AT2OeCG8zCEKcnwLK7HpzvmGNBwFLoynk4OY4trmtRt0HHEGQBTbm31nMFgfBVcbd08Jz1EwYCVczluSqLrruDS2BPRAn3iVsBs7tl_68hLD4cjT9LfYlDUNYpW36UClfHWvfQ\">The great Ouiskiki World<\/a>\n    <\/li>\n<\/ul>\n<div>\n<h2>\" We don't stop playing because we get older. We grow old because we stop playing. \" <\/h2>\n<div>\n<p>&#8212; George Bernard Shaw<\/p>\n<\/div>\n<\/div>\n<p><!-- {\"type\":\"layout\",\"children\":[{\"type\":\"section\",\"props\":{\"style\":\"muted\",\"width\":\"xlarge\",\"vertical_align\":\"middle\",\"title_position\":\"top-left\",\"title_rotation\":\"left\",\"title_breakpoint\":\"xl\",\"image_position\":\"top-right\",\"text_color\":\"\",\"width_expand\":\"\",\"height\":\"\",\"padding\":\"large\",\"header_transparent\":\"dark\",\"animation\":\"fade\",\"image\":\"\",\"image_size\":\"\",\"image_effect\":\"parallax\",\"image_parallax_breakpoint\":\"\",\"image_visibility\":\"\",\"video_width\":\"\",\"video_height\":\"\",\"media_blend_mode\":\"\",\"image_parallax_bgy_start\":\"0\",\"image_parallax_bgy_end\":\"-600\",\"padding_remove_bottom\":true,\"animation_delay\":false},\"children\":[{\"type\":\"row\",\"props\":{\"layout\":\"1-1\",\"breakpoint\":\"s\",\"fixed_width\":\"large\",\"column_gap\":\"\",\"row_gap\":\"\",\"width\":\"\",\"width_expand\":\"\",\"height\":\"\",\"margin\":\"xlarge\"},\"children\":[{\"type\":\"column\",\"props\":{\"image_position\":\"center-center\",\"media_overlay_gradient\":\"\",\"vertical_align\":\"\",\"style\":\"\",\"text_color\":\"\",\"padding\":\"\",\"widths\":[\"1-1\"]},\"children\":[{\"type\":\"headline\",\"props\":{\"title_element\":\"h1\",\"title_style\":\"heading-medium\",\"title_decoration\":\"\",\"title_font_family\":\"\",\"title_color\":\"\",\"position\":\"relative\",\"position_z_index\":\"3\",\"margin\":\"\",\"maxwidth\":\"\",\"maxwidth_breakpoint\":\"\",\"block_align\":\"\",\"block_align_breakpoint\":\"\",\"block_align_fallback\":\"\",\"text_align\":\"\",\"text_align_breakpoint\":\"\",\"text_align_fallback\":\"\",\"animation\":\"\",\"visibility\":\"\",\"content\":\"Roberto Fraga\\u00a0<br class=\\\"uk-visible@s\\\" \\\/>Cr\\u00e9ateur de jeux\"}}]}]},{\"type\":\"row\",\"props\":{\"layout\":\",\",\"breakpoint\":\"m\",\"fixed_width\":\"large\",\"column_gap\":\"\",\"row_gap\":\"\",\"width\":\"\",\"width_expand\":\"\",\"height\":\"\",\"margin\":\"\"},\"children\":[{\"type\":\"column\",\"props\":{\"image_position\":\"center-center\",\"media_overlay_gradient\":\"\",\"vertical_align\":\"\",\"style\":\"\",\"text_color\":\"\",\"padding\":\"\"},\"children\":[{\"type\":\"headline\",\"props\":{\"title_element\":\"h2\",\"title_style\":\"\",\"title_decoration\":\"\",\"title_font_family\":\"\",\"title_color\":\"\",\"position\":\"relative\",\"position_z_index\":\"\",\"margin\":\"medium\",\"maxwidth\":\"\",\"maxwidth_breakpoint\":\"\",\"block_align\":\"\",\"block_align_breakpoint\":\"\",\"block_align_fallback\":\"\",\"text_align\":\"\",\"text_align_breakpoint\":\"\",\"text_align_fallback\":\"\",\"animation\":\"\",\"visibility\":\"\",\"content\":\"Qui suis-je ?\"}},{\"type\":\"text\",\"props\":{\"margin\":\"default\",\"column_breakpoint\":\"m\",\"text_style\":\"\",\"text_size\":\"\",\"text_color\":\"\",\"column\":\"\",\"position\":\"\",\"position_z_index\":\"\",\"maxwidth\":\"\",\"maxwidth_breakpoint\":\"\",\"block_align\":\"\",\"block_align_breakpoint\":\"\",\"block_align_fallback\":\"\",\"text_align\":\"\",\"text_align_breakpoint\":\"\",\"text_align_fallback\":\"\",\"animation\":\"\",\"visibility\":\"\",\"content\":\"\n\n<p>Je suis un jeune \\u00ab\\u00a0fou\\u00a0\\u00bb cr\\u00e9ateur de jeux et d\\u2019objets Ludo-loufoques en tous genres.<br \\\/>J\\u2019ai d\\u00e9j\\u00e0 fait publier plus de 130 jeux partout sur la plan\\u00e8te, et m\\u00eame au-del\\u00e0\\u00a0!<\\\/p>\\n\n\n<p>Je suis n\\u00e9 le <strong>11 D\\u00e9cembre<\\\/strong>\\u00a0<strong>1960 \\u00e0 La Corogne<\\\/strong>, \\u00e0 la pointe Nord-Ouest de l\\u2019Espagne (encore un immigr\\u00e9 !). Depuis l\\u2019\\u00e2ge de 14 ans, je suis devenu un \\u00ab\\u00a0pur drogu\\u00e9\\u00a0\\u00bb de la cr\\u00e9ation Ludique (Donc, voil\\u00e0, maintenant vous savez que je suis rentr\\u00e9 dans l\\u2019\\u00e8re \\u00ab Sexag\\u00e9naire \\u00bb !!).<\\\/p>\\n\n\n<p>Depuis plusieurs ann\\u00e9es, j\\u2019essayais de jongler avec plus ou moins d\\u2019habilit\\u00e9 et de r\\u00e9ussite entre ma vie familiale, mon activit\\u00e9 de cr\\u00e9ateur et surtout, mon m\\u00e9tier de Contr\\u00f4leur des Douanes Maritimes, et j\\u2019ai finalement d\\u00e9cid\\u00e9 de quitter l\\u2019Administration le\\u00a0<strong>9 D\\u00e9cembre 2010<\\\/strong>\\u00a0pour cr\\u00e9er la\\u00a0<strong>SARL FRAGAMES<\\\/strong>\\u00a0et vivre enti\\u00e8rement de ma passion !<\\\/p>\\n\n\n<p>Et depuis le\\u00a0<strong>1er Janvier 2017,\\u00a0Florence<\\\/strong>\\u00a0(mon \\u00e9pouse), a quitt\\u00e9 son poste d\\u2019infirmi\\u00e8re en cardiologie \\u00e0 l\\u2019h\\u00f4pital de Saint-Malo pour partager cette aventure avec moi \\u00e0\\u00a0<strong>3000 %<\\\/strong>\\u00a0!<\\\/p>\\n\n\n<p>Jetez un \\u0153il \\u00e0 la\\u00a0<strong>vid\\u00e9o ci-dessous<\\\/strong>\\u00a0pour d\\u00e9couvrir mon laboratoire \\u00e0 id\\u00e9es, le FRAGALAB\\u00a0!<\\\/p>\"}}]},{\"type\":\"column\",\"props\":{\"image_position\":\"center-center\",\"media_overlay_gradient\":\"\",\"vertical_align\":\"\",\"style\":\"\",\"text_color\":\"\",\"padding\":\"\"},\"children\":[{\"type\":\"image\",\"props\":{\"margin\":\"default\",\"image_svg_color\":\"emphasis\",\"link_target\":\"\",\"image_border\":\"\",\"image_box_shadow\":\"\",\"image_hover_box_shadow\":\"\",\"image_box_decoration\":\"primary\",\"position\":\"\",\"position_z_index\":\"\",\"maxwidth\":\"\",\"maxwidth_breakpoint\":\"\",\"block_align\":\"\",\"block_align_breakpoint\":\"\",\"block_align_fallback\":\"\",\"text_align\":\"\",\"text_align_breakpoint\":\"\",\"text_align_fallback\":\"\",\"animation\":\"\",\"visibility\":\"\",\"image\":\"wp-content\\\/uploads\\\/2020\\\/05\\\/Photo-dans-Fragalab-scaled.jpg\",\"image_height\":\"\"}}]}]}],\"name\":\"Qui suis-je ?\"},{\"type\":\"section\",\"props\":{\"style\":\"muted\",\"width\":\"xlarge\",\"vertical_align\":\"middle\",\"title_position\":\"top-left\",\"title_rotation\":\"left\",\"title_breakpoint\":\"xl\",\"image_position\":\"top-right\",\"text_color\":\"\",\"width_expand\":\"\",\"height\":\"\",\"padding\":\"large\",\"header_transparent\":\"dark\",\"animation\":\"fade\",\"image\":\"\",\"image_size\":\"\",\"image_effect\":\"parallax\",\"image_parallax_breakpoint\":\"\",\"image_visibility\":\"\",\"video_width\":\"\",\"video_height\":\"\",\"media_blend_mode\":\"\",\"image_parallax_bgy_start\":\"0\",\"image_parallax_bgy_end\":\"-600\",\"padding_remove_bottom\":true,\"animation_delay\":false},\"children\":[{\"type\":\"row\",\"props\":{\"layout\":\"1-1\",\"breakpoint\":\"m\",\"fixed_width\":\"large\",\"column_gap\":\"\",\"row_gap\":\"\",\"width\":\"\",\"width_expand\":\"\",\"height\":\"\",\"margin\":\"\"},\"children\":[{\"type\":\"column\",\"props\":{\"image_position\":\"center-center\",\"media_overlay_gradient\":\"\",\"vertical_align\":\"\",\"style\":\"\",\"text_color\":\"\",\"padding\":\"\"},\"children\":[{\"type\":\"headline\",\"props\":{\"title_element\":\"h2\",\"title_style\":\"\",\"title_decoration\":\"\",\"title_font_family\":\"\",\"title_color\":\"\",\"position\":\"relative\",\"position_z_index\":\"\",\"margin\":\"medium\",\"maxwidth\":\"\",\"maxwidth_breakpoint\":\"\",\"block_align\":\"\",\"block_align_breakpoint\":\"\",\"block_align_fallback\":\"\",\"text_align\":\"\",\"text_align_breakpoint\":\"\",\"text_align_fallback\":\"\",\"animation\":\"\",\"visibility\":\"\",\"content\":\"Bienvenue au FRAGALAB\"}},{\"type\":\"text\",\"props\":{\"margin\":\"default\",\"column_breakpoint\":\"m\",\"text_style\":\"\",\"text_size\":\"\",\"text_color\":\"\",\"column\":\"\",\"position\":\"\",\"position_z_index\":\"\",\"maxwidth\":\"\",\"maxwidth_breakpoint\":\"\",\"block_align\":\"\",\"block_align_breakpoint\":\"\",\"block_align_fallback\":\"\",\"text_align\":\"\",\"text_align_breakpoint\":\"\",\"text_align_fallback\":\"\",\"animation\":\"\",\"visibility\":\"\",\"content\":\"\n\n<p>Le FRAGALAB est le laboratoire \\u00e0 id\\u00e9es o\\u00f9 je passe 99,99% de mon temps \\u00e0 cr\\u00e9er, tester, d\\u00e9couper, dessiner, m'amuser, re-tester, re-m'amuser, etc...<\\\/p>\"}},{\"type\":\"video\",\"props\":{\"video_controls\":true,\"margin\":\"default\",\"video_autoplay\":\"\",\"video_box_shadow\":\"\",\"video_box_decoration\":\"primary\",\"position\":\"\",\"position_z_index\":\"\",\"maxwidth\":\"\",\"maxwidth_breakpoint\":\"\",\"block_align\":\"\",\"block_align_breakpoint\":\"\",\"block_align_fallback\":\"\",\"text_align\":\"\",\"text_align_breakpoint\":\"\",\"text_align_fallback\":\"\",\"animation\":\"\",\"visibility\":\"\",\"video_width\":\"1920\",\"video_height\":\"1080\",\"video\":\"https:\\\/\\\/youtu.be\\\/n_2M7SjUz4E\",\"video_box_decoration_inverse\":false}}]}]}],\"name\":\"Bienvenue au FRAGALAB\"},{\"type\":\"section\",\"props\":{\"style\":\"muted\",\"width\":\"small\",\"vertical_align\":\"middle\",\"title_position\":\"top-left\",\"title_rotation\":\"left\",\"title_breakpoint\":\"xl\",\"image_position\":\"bottom-left\",\"text_color\":\"\",\"width_expand\":\"\",\"height\":\"\",\"padding\":\"large\",\"header_transparent\":\"\",\"animation\":\"fade\",\"padding_remove_top\":false,\"image\":\"\",\"image_size\":\"contain\",\"image_effect\":\"parallax\",\"image_parallax_breakpoint\":\"\",\"image_visibility\":\"\",\"video_width\":\"\",\"video_height\":\"\",\"media_blend_mode\":\"\",\"image_parallax_bgx_start\":\"-120\",\"image_parallax_bgx_end\":\"-120\",\"image_parallax_bgy_end\":\"120\",\"image_parallax_bgy_start\":\"420\",\"image_parallax_easing\":\"0.5\",\"id\":\"license-faq\",\"image_width\":\"\",\"status\":\"\"},\"children\":[{\"type\":\"row\",\"props\":{\"layout\":\"1-1\",\"breakpoint\":\"m\",\"fixed_width\":\"large\",\"width\":\"default\",\"width_expand\":\"\",\"height\":\"\",\"margin\":\"xlarge\",\"column_gap\":\"collapse\",\"row_gap\":\"collapse\"},\"children\":[{\"type\":\"column\",\"props\":{\"image_position\":\"center-center\",\"media_overlay_gradient\":\"\",\"vertical_align\":\"\",\"style\":\"\",\"text_color\":\"\",\"padding\":\"\",\"widths\":[\"1-1\"],\"css\":\"\"},\"children\":[{\"type\":\"headline\",\"props\":{\"title_element\":\"h2\",\"title_style\":\"heading-small\",\"title_decoration\":\"\",\"title_font_family\":\"\",\"title_color\":\"\",\"position\":\"\",\"position_z_index\":\"\",\"margin\":\"\",\"maxwidth\":\"\",\"maxwidth_breakpoint\":\"\",\"block_align\":\"\",\"block_align_breakpoint\":\"\",\"block_align_fallback\":\"\",\"text_align\":\"center\",\"text_align_breakpoint\":\"m\",\"text_align_fallback\":\"\",\"animation\":\"\",\"visibility\":\"\",\"content\":\"Vous voulez en savoir plus ?\"}},{\"type\":\"button\",\"props\":{\"grid_column_gap\":\"small\",\"grid_row_gap\":\"small\",\"margin\":\"default\",\"button_size\":\"\",\"position\":\"\",\"position_z_index\":\"\",\"maxwidth\":\"\",\"maxwidth_breakpoint\":\"\",\"block_align\":\"\",\"block_align_breakpoint\":\"\",\"block_align_fallback\":\"\",\"text_align\":\"\",\"text_align_breakpoint\":\"\",\"text_align_fallback\":\"\",\"animation\":\"\",\"visibility\":\"\"},\"children\":[{\"type\":\"button_item\",\"props\":{\"button_style\":\"default\",\"icon_align\":\"left\",\"link_target\":\"blank\",\"link_title\":\"\",\"content\":\"Biographie 1960-2014\",\"link\":\"wp-content\\\/uploads\\\/2020\\\/05\\\/Biographie-1960-2014.pdf\",\"icon\":\"\"}},{\"type\":\"button_item\",\"props\":{\"button_style\":\"default\",\"icon_align\":\"left\",\"link_target\":\"blank\",\"content\":\"Dossier de presse\",\"link\":\"wp-content\\\/uploads\\\/2020\\\/05\\\/Dossier-de-Presse-Roberto-FRAGA.pdf\",\"icon\":\"\"}},{\"type\":\"button_item\",\"props\":{\"button_style\":\"default\",\"icon_align\":\"left\",\"link_target\":\"blank\",\"content\":\"D'o\\u00f9 viennent mes id\\u00e9es ?\",\"link\":\"wp-content\\\/uploads\\\/2020\\\/05\\\/Do\\u00f9-viennent-mes-id\\u00e9es.pdf\",\"icon\":\"\"}},{\"type\":\"button_item\",\"props\":{\"button_style\":\"default\",\"icon_align\":\"left\",\"link_target\":\"blank\",\"content\":\"S\\u00e9lection articles de presse\",\"link\":\"wp-content\\\/uploads\\\/2020\\\/05\\\/Articles-de-Presse.pdf\",\"icon\":\"\"}},{\"type\":\"button_item\",\"props\":{\"button_style\":\"default\",\"icon_align\":\"left\",\"link_target\":\"blank\",\"content\":\"Le questionnaire de Proust\",\"link\":\"wp-content\\\/uploads\\\/2020\\\/05\\\/Le-questionnaire-de-Proust.pdf\",\"icon\":\"\"}},{\"type\":\"button_item\",\"props\":{\"button_style\":\"default\",\"icon_align\":\"left\",\"link_target\":\"blank\",\"content\":\"Conseils pour faire \\u00e9diter un jeu\",\"link\":\"wp-content\\\/uploads\\\/2020\\\/05\\\/Conseils-pour-faire-\\u00e9diter-un-jeu.pdf\",\"icon\":\"\"}},{\"type\":\"button_item\",\"props\":{\"button_style\":\"default\",\"icon_align\":\"left\",\"link_target\":\"blank\",\"content\":\"O\\u00f9 est Robie ?\",\"link\":\"wp-content\\\/uploads\\\/2020\\\/05\\\/O\\u00f9-Est-Robie.pdf\",\"icon\":\"\"}},{\"type\":\"button_item\",\"props\":{\"button_style\":\"default\",\"icon_align\":\"left\",\"link_target\":\"blank\",\"content\":\"Ouiskiki World\",\"link\":\"https:\\\/\\\/l.facebook.com\\\/l.php?u=https%3A%2F%2Fsites.google.com%2Fview%2Frencontres-corsaire-ludique%2F%3Ffbclid%3DIwAR1YbJbNPIPVN08iT8gJ85gtt6cup-aVuhtuJpQqlVUPgvAY43W8YB5m2Is&h=AT2OeCG8zCEKcnwLK7HpzvmGNBwFLoynk4OY4trmtRt0HHEGQBTbm31nMFgfBVcbd08Jz1EwYCVczluSqLrruDS2BPRAn3iVsBs7tl_68hLD4cjT9LfYlDUNYpW36UClfHWvfQ\"}}]}]}]},{\"type\":\"row\",\"props\":{\"layout\":\"1-1\",\"breakpoint\":\"m\",\"fixed_width\":\"large\",\"width\":\"default\",\"width_expand\":\"\",\"height\":\"\",\"margin\":\"xlarge\",\"column_gap\":\"collapse\",\"row_gap\":\"collapse\",\"status\":\"\"},\"children\":[{\"type\":\"column\",\"props\":{\"image_position\":\"center-center\",\"media_overlay_gradient\":\"\",\"vertical_align\":\"\",\"style\":\"primary\",\"text_color\":\"\",\"padding\":\"\",\"widths\":[\"1-1\"],\"css\":\"\"},\"children\":[{\"type\":\"panel\",\"props\":{\"link_text\":\"\",\"title_hover_style\":\"reset\",\"title_element\":\"h2\",\"title_align\":\"top\",\"title_grid_width\":\"1-2\",\"title_grid_breakpoint\":\"m\",\"meta_style\":\"meta\",\"meta_align\":\"below-title\",\"icon_ratio\":4,\"image_align\":\"top\",\"image_grid_width\":\"1-2\",\"image_grid_breakpoint\":\"m\",\"image_svg_color\":\"emphasis\",\"link_style\":\"default\",\"margin\":\"default\",\"panel_style\":\"\",\"panel_content_padding\":\"\",\"panel_size\":\"large\",\"title_style\":\"h2\",\"title_decoration\":\"\",\"title_font_family\":\"\",\"title_color\":\"\",\"title_grid_column_gap\":\"\",\"title_grid_row_gap\":\"\",\"title_margin\":\"\",\"meta_color\":\"\",\"meta_margin\":\"\",\"content_style\":\"\",\"content_margin\":\"\",\"image_transition\":\"\",\"image_border\":\"\",\"image_box_shadow\":\"\",\"image_hover_box_shadow\":\"\",\"image_box_decoration\":\"\",\"icon_color\":\"\",\"image_grid_column_gap\":\"\",\"image_grid_row_gap\":\"\",\"image_margin\":\"\",\"link_size\":\"\",\"link_margin\":\"medium\",\"position\":\"\",\"position_z_index\":\"\",\"maxwidth\":\"xxlarge\",\"maxwidth_breakpoint\":\"\",\"block_align\":\"center\",\"block_align_breakpoint\":\"\",\"block_align_fallback\":\"\",\"text_align\":\"center\",\"text_align_breakpoint\":\"\",\"text_align_fallback\":\"\",\"animation\":\"\",\"visibility\":\"\",\"title\":\"\\u00ab On n\\u2019arr\\u00eate pas de jouer parce qu\\u2019on vieillit. On vieillit parce qu\\u2019on arr\\u00eate de jouer. \\u00bb \",\"content\":\"\n\n<p>-- George Bernard Shaw<\\\/p>\",\"link\":\"\",\"panel_link\":false,\"title_link\":false},\"name\":\"Citation\"}]}]}],\"name\":\"Vous voulez en savoir plus ?\"}],\"version\":\"2.0.12\",\"props\":[]} --><\/p>","protected":false},"excerpt":{"rendered":"<p>Roberto Fraga\u00a0Cr\u00e9ateur de jeux Qui suis-je ? Je suis un jeune \u00ab\u00a0fou\u00a0\u00bb cr\u00e9ateur de jeux et d\u2019objets Ludo-loufoques en tous genres.J\u2019ai d\u00e9j\u00e0 fait publier plus de 130 jeux partout sur la plan\u00e8te, et m\u00eame au-del\u00e0\u00a0! Je suis n\u00e9 le 11 D\u00e9cembre\u00a01960 \u00e0 La Corogne, \u00e0 la pointe Nord-Ouest de l\u2019Espagne (encore un immigr\u00e9 !). Depuis [&hellip;]<\/p>","protected":false},"author":1,"featured_media":0,"parent":0,"menu_order":3,"comment_status":"open","ping_status":"closed","template":"","meta":{"_acf_changed":false,"footnotes":""},"acf":[],"yoast_head":"<!-- This site is optimized with the Yoast SEO plugin v22.3 - https:\/\/yoast.com\/wordpress\/plugins\/seo\/ -->\n<title>A propos de moi - Fragames<\/title>\n<meta name=\"robots\" content=\"index, follow, max-snippet:-1, max-image-preview:large, max-video-preview:-1\" \/>\n<link rel=\"canonical\" href=\"https:\/\/fragames.com\/en\/about-me\/\" \/>\n<meta property=\"og:locale\" content=\"en_GB\" \/>\n<meta property=\"og:type\" content=\"article\" \/>\n<meta property=\"og:title\" content=\"A propos de moi - Fragames\" \/>\n<meta property=\"og:description\" content=\"Roberto Fraga\u00a0Cr\u00e9ateur de jeux Qui suis-je ? Je suis un jeune \u00ab\u00a0fou\u00a0\u00bb cr\u00e9ateur de jeux et d\u2019objets Ludo-loufoques en tous genres.J\u2019ai d\u00e9j\u00e0 fait publier plus de 130 jeux partout sur la plan\u00e8te, et m\u00eame au-del\u00e0\u00a0! Je suis n\u00e9 le 11 D\u00e9cembre\u00a01960 \u00e0 La Corogne, \u00e0 la pointe Nord-Ouest de l\u2019Espagne (encore un immigr\u00e9 !). Depuis [&hellip;]\" \/>\n<meta property=\"og:url\" content=\"https:\/\/fragames.com\/en\/about-me\/\" \/>\n<meta property=\"og:site_name\" content=\"Fragames\" \/>\n<meta property=\"article:publisher\" content=\"https:\/\/www.facebook.com\/FragamesIndustries\" \/>\n<meta property=\"article:modified_time\" content=\"2020-05-10T10:04:04+00:00\" \/>\n<meta property=\"og:image\" content=\"https:\/\/fragames.com\/v3\/wp-content\/uploads\/2020\/05\/Photo-dans-Fragalab-scaled.jpg\" \/>\n<meta name=\"twitter:card\" content=\"summary_large_image\" \/>\n<meta name=\"twitter:site\" content=\"@FRAGAMES\" \/>\n<script type=\"application\/ld+json\" class=\"yoast-schema-graph\">{\"@context\":\"https:\/\/schema.org\",\"@graph\":[{\"@type\":\"WebPage\",\"@id\":\"http:\/\/fragames.com\/fr\/a-propos-de-moi\/\",\"url\":\"http:\/\/fragames.com\/fr\/a-propos-de-moi\/\",\"name\":\"A propos de moi - Fragames\",\"isPartOf\":{\"@id\":\"https:\/\/fragames.com\/fr\/#website\"},\"datePublished\":\"2019-08-22T08:32:57+00:00\",\"dateModified\":\"2020-05-10T10:04:04+00:00\",\"breadcrumb\":{\"@id\":\"http:\/\/fragames.com\/fr\/a-propos-de-moi\/#breadcrumb\"},\"inLanguage\":\"en-GB\",\"potentialAction\":[{\"@type\":\"ReadAction\",\"target\":[\"http:\/\/fragames.com\/fr\/a-propos-de-moi\/\"]}]},{\"@type\":\"BreadcrumbList\",\"@id\":\"http:\/\/fragames.com\/fr\/a-propos-de-moi\/#breadcrumb\",\"itemListElement\":[{\"@type\":\"ListItem\",\"position\":1,\"name\":\"Accueil\",\"item\":\"https:\/\/fragames.com\/fr\/\"},{\"@type\":\"ListItem\",\"position\":2,\"name\":\"A propos de moi\"}]},{\"@type\":\"WebSite\",\"@id\":\"https:\/\/fragames.com\/fr\/#website\",\"url\":\"https:\/\/fragames.com\/fr\/\",\"name\":\"Fragames\",\"description\":\"Les jeux de Roberto Fraga\",\"publisher\":{\"@id\":\"https:\/\/fragames.com\/fr\/#organization\"},\"potentialAction\":[{\"@type\":\"SearchAction\",\"target\":{\"@type\":\"EntryPoint\",\"urlTemplate\":\"https:\/\/fragames.com\/fr\/?s={search_term_string}\"},\"query-input\":\"required name=search_term_string\"}],\"inLanguage\":\"en-GB\"},{\"@type\":\"Organization\",\"@id\":\"https:\/\/fragames.com\/fr\/#organization\",\"name\":\"Fragames\",\"url\":\"https:\/\/fragames.com\/fr\/\",\"logo\":{\"@type\":\"ImageObject\",\"inLanguage\":\"en-GB\",\"@id\":\"https:\/\/fragames.com\/fr\/#\/schema\/logo\/image\/\",\"url\":\"https:\/\/fragames.com\/wp-content\/uploads\/2020\/04\/logo_white-e1587833435477.png\",\"contentUrl\":\"https:\/\/fragames.com\/wp-content\/uploads\/2020\/04\/logo_white-e1587833435477.png\",\"width\":250,\"height\":128,\"caption\":\"Fragames\"},\"image\":{\"@id\":\"https:\/\/fragames.com\/fr\/#\/schema\/logo\/image\/\"},\"sameAs\":[\"https:\/\/www.facebook.com\/FragamesIndustries\",\"https:\/\/twitter.com\/FRAGAMES\",\"https:\/\/www.instagram.com\/fragames1\/\",\"https:\/\/www.youtube.com\/channel\/UCSuScMXLGQOEpC8Ra8x2lvw?view_as=subscriber\"]}]}<\/script>\n<!-- \/ Yoast SEO plugin. -->","yoast_head_json":{"title":"About me - Fragames","robots":{"index":"index","follow":"follow","max-snippet":"max-snippet:-1","max-image-preview":"max-image-preview:large","max-video-preview":"max-video-preview:-1"},"canonical":"https:\/\/fragames.com\/en\/about-me\/","og_locale":"en_GB","og_type":"article","og_title":"A propos de moi - Fragames","og_description":"Roberto Fraga\u00a0Cr\u00e9ateur de jeux Qui suis-je ? Je suis un jeune \u00ab\u00a0fou\u00a0\u00bb cr\u00e9ateur de jeux et d\u2019objets Ludo-loufoques en tous genres.J\u2019ai d\u00e9j\u00e0 fait publier plus de 130 jeux partout sur la plan\u00e8te, et m\u00eame au-del\u00e0\u00a0! Je suis n\u00e9 le 11 D\u00e9cembre\u00a01960 \u00e0 La Corogne, \u00e0 la pointe Nord-Ouest de l\u2019Espagne (encore un immigr\u00e9 !). Depuis [&hellip;]","og_url":"https:\/\/fragames.com\/en\/about-me\/","og_site_name":"Fragames","article_publisher":"https:\/\/www.facebook.com\/FragamesIndustries","article_modified_time":"2020-05-10T10:04:04+00:00","og_image":[{"url":"https:\/\/fragames.com\/v3\/wp-content\/uploads\/2020\/05\/Photo-dans-Fragalab-scaled.jpg"}],"twitter_card":"summary_large_image","twitter_site":"@FRAGAMES","schema":{"@context":"https:\/\/schema.org","@graph":[{"@type":"WebPage","@id":"http:\/\/fragames.com\/fr\/a-propos-de-moi\/","url":"http:\/\/fragames.com\/fr\/a-propos-de-moi\/","name":"About me - Fragames","isPartOf":{"@id":"https:\/\/fragames.com\/fr\/#website"},"datePublished":"2019-08-22T08:32:57+00:00","dateModified":"2020-05-10T10:04:04+00:00","breadcrumb":{"@id":"http:\/\/fragames.com\/fr\/a-propos-de-moi\/#breadcrumb"},"inLanguage":"en-GB","potentialAction":[{"@type":"ReadAction","target":["http:\/\/fragames.com\/fr\/a-propos-de-moi\/"]}]},{"@type":"BreadcrumbList","@id":"http:\/\/fragames.com\/fr\/a-propos-de-moi\/#breadcrumb","itemListElement":[{"@type":"ListItem","position":1,"name":"Accueil","item":"https:\/\/fragames.com\/fr\/"},{"@type":"ListItem","position":2,"name":"A propos de moi"}]},{"@type":"WebSite","@id":"https:\/\/fragames.com\/fr\/#website","url":"https:\/\/fragames.com\/fr\/","name":"Fragames","description":"Les jeux de Roberto Fraga","publisher":{"@id":"https:\/\/fragames.com\/fr\/#organization"},"potentialAction":[{"@type":"SearchAction","target":{"@type":"EntryPoint","urlTemplate":"https:\/\/fragames.com\/fr\/?s={search_term_string}"},"query-input":"required name=search_term_string"}],"inLanguage":"en-GB"},{"@type":"Organization","@id":"https:\/\/fragames.com\/fr\/#organization","name":"Fragames","url":"https:\/\/fragames.com\/fr\/","logo":{"@type":"ImageObject","inLanguage":"en-GB","@id":"https:\/\/fragames.com\/fr\/#\/schema\/logo\/image\/","url":"https:\/\/fragames.com\/wp-content\/uploads\/2020\/04\/logo_white-e1587833435477.png","contentUrl":"https:\/\/fragames.com\/wp-content\/uploads\/2020\/04\/logo_white-e1587833435477.png","width":250,"height":128,"caption":"Fragames"},"image":{"@id":"https:\/\/fragames.com\/fr\/#\/schema\/logo\/image\/"},"sameAs":["https:\/\/www.facebook.com\/FragamesIndustries","https:\/\/twitter.com\/FRAGAMES","https:\/\/www.instagram.com\/fragames1\/","https:\/\/www.youtube.com\/channel\/UCSuScMXLGQOEpC8Ra8x2lvw?view_as=subscriber"]}]}},"jetpack_sharing_enabled":true,"_links":{"self":[{"href":"https:\/\/fragames.com\/en\/wp-json\/wp\/v2\/pages\/160"}],"collection":[{"href":"https:\/\/fragames.com\/en\/wp-json\/wp\/v2\/pages"}],"about":[{"href":"https:\/\/fragames.com\/en\/wp-json\/wp\/v2\/types\/page"}],"author":[{"embeddable":true,"href":"https:\/\/fragames.com\/en\/wp-json\/wp\/v2\/users\/1"}],"replies":[{"embeddable":true,"href":"https:\/\/fragames.com\/en\/wp-json\/wp\/v2\/comments?post=160"}],"version-history":[{"count":63,"href":"https:\/\/fragames.com\/en\/wp-json\/wp\/v2\/pages\/160\/revisions"}],"predecessor-version":[{"id":3987,"href":"https:\/\/fragames.com\/en\/wp-json\/wp\/v2\/pages\/160\/revisions\/3987"}],"wp:attachment":[{"href":"https:\/\/fragames.com\/en\/wp-json\/wp\/v2\/media?parent=160"}],"curies":[{"name":"wp","href":"https:\/\/api.w.org\/{rel}","templated":true}]}}